{"id":85,"date":"2023-11-22T21:31:43","date_gmt":"2023-11-22T20:31:43","guid":{"rendered":"https:\/\/odedubois.fr\/?page_id=85"},"modified":"2023-12-10T20:29:46","modified_gmt":"2023-12-10T19:29:46","slug":"les-stylos","status":"publish","type":"page","link":"https:\/\/odedubois.fr\/index.php\/les-stylos\/","title":{"rendered":"Les Stylos"},"content":{"rendered":"\t\t<div data-elementor-type=\"wp-page\" data-elementor-id=\"85\" class=\"elementor elementor-85\">\n\t\t\t\t\t\t\t<div class=\"elementor-element elementor-element-bfc9b86 e-con-full e-flex e-con e-parent\" data-id=\"bfc9b86\" data-element_type=\"container\" data-settings=\"{&quot;content_width&quot;:&quot;full&quot;}\" data-core-v316-plus=\"true\">\n\t\t\t\t<div class=\"elementor-element elementor-element-bb47df8 elementor-widget__width-inherit elementor-widget elementor-widget-heading\" data-id=\"bb47df8\" data-element_type=\"widget\" data-widget_type=\"heading.default\">\n\t\t\t\t<div class=\"elementor-widget-container\">\n\t\t\t<style>\/*! elementor - v3.17.0 - 08-11-2023 *\/\n.elementor-heading-title{padding:0;margin:0;line-height:1}.elementor-widget-heading .elementor-heading-title[class*=elementor-size-]>a{color:inherit;font-size:inherit;line-height:inherit}.elementor-widget-heading .elementor-heading-title.elementor-size-small{font-size:15px}.elementor-widget-heading .elementor-heading-title.elementor-size-medium{font-size:19px}.elementor-widget-heading .elementor-heading-title.elementor-size-large{font-size:29px}.elementor-widget-heading .elementor-heading-title.elementor-size-xl{font-size:39px}.elementor-widget-heading .elementor-heading-title.elementor-size-xxl{font-size:59px}<\/style><h2 class=\"elementor-heading-title elementor-size-default\">Pour retrouver le plaisir de l'\u00e9criture...<\/h2>\t\t<\/div>\n\t\t\t\t<\/div>\n\t\t\t\t<\/div>\n\t\t<div class=\"elementor-element elementor-element-c4rd5tz e-con-full e-flex e-con e-parent\" data-id=\"c4rd5tz\" data-element_type=\"container\" data-settings=\"{&quot;background_background&quot;:&quot;classic&quot;,&quot;content_width&quot;:&quot;full&quot;}\" data-core-v316-plus=\"true\">\n\t\t\t\t<\/div>\n\t\t<div class=\"elementor-element elementor-element-jxa4ugd e-con-full e-flex e-con e-parent\" data-id=\"jxa4ugd\" data-element_type=\"container\" data-settings=\"{&quot;background_background&quot;:&quot;classic&quot;,&quot;content_width&quot;:&quot;full&quot;}\" data-core-v316-plus=\"true\">\n\t\t\t\t<div class=\"elementor-element elementor-element-3493908 elementor-widget elementor-widget-heading\" data-id=\"3493908\" data-element_type=\"widget\" data-widget_type=\"heading.default\">\n\t\t\t\t<div class=\"elementor-widget-container\">\n\t\t\t<h2 class=\"elementor-heading-title elementor-size-default\">- A chacun son style d'\u00e9criture - <\/h2>\t\t<\/div>\n\t\t\t\t<\/div>\n\t\t<div class=\"elementor-element elementor-element-829cbec e-con-full e-flex e-con e-child\" data-id=\"829cbec\" data-element_type=\"container\" data-settings=\"{&quot;content_width&quot;:&quot;full&quot;}\">\n\t\t<div class=\"elementor-element elementor-element-1d10e89 e-con-full e-flex e-con e-child\" data-id=\"1d10e89\" data-element_type=\"container\" data-settings=\"{&quot;content_width&quot;:&quot;full&quot;}\">\n\t\t\t\t<div class=\"elementor-element elementor-element-10aa031 elementor-widget elementor-widget-image\" data-id=\"10aa031\" data-element_type=\"widget\" data-widget_type=\"image.default\">\n\t\t\t\t<div class=\"elementor-widget-container\">\n\t\t\t<style>\/*! elementor - v3.17.0 - 08-11-2023 *\/\n.elementor-widget-image{text-align:center}.elementor-widget-image a{display:inline-block}.elementor-widget-image a img[src$=\".svg\"]{width:48px}.elementor-widget-image img{vertical-align:middle;display:inline-block}<\/style>\t\t\t\t\t\t\t\t\t<figure class=\"wp-caption\">\n\t\t\t\t\t\t\t\t\t\t<img fetchpriority=\"high\" decoding=\"async\" width=\"2446\" height=\"2446\" src=\"https:\/\/odedubois.fr\/wp-content\/uploads\/2023\/12\/MG_3550.jpg\" class=\"attachment-full size-full wp-image-1706\" alt=\"\" srcset=\"https:\/\/odedubois.fr\/wp-content\/uploads\/2023\/12\/MG_3550.jpg 2446w, https:\/\/odedubois.fr\/wp-content\/uploads\/2023\/12\/MG_3550-300x300.jpg 300w, https:\/\/odedubois.fr\/wp-content\/uploads\/2023\/12\/MG_3550-1024x1024.jpg 1024w, https:\/\/odedubois.fr\/wp-content\/uploads\/2023\/12\/MG_3550-150x150.jpg 150w, https:\/\/odedubois.fr\/wp-content\/uploads\/2023\/12\/MG_3550-768x768.jpg 768w, https:\/\/odedubois.fr\/wp-content\/uploads\/2023\/12\/MG_3550-1536x1536.jpg 1536w, https:\/\/odedubois.fr\/wp-content\/uploads\/2023\/12\/MG_3550-2048x2048.jpg 2048w, https:\/\/odedubois.fr\/wp-content\/uploads\/2023\/12\/MG_3550-600x600.jpg 600w, https:\/\/odedubois.fr\/wp-content\/uploads\/2023\/12\/elementor\/thumbs\/MG_3550-qga48xx26t1kq66ebghkb7ct2cpf7dosx0mjhilvgo.jpg 500w\" sizes=\"(max-width: 2446px) 100vw, 2446px\" \/>\t\t\t\t\t\t\t\t\t\t\t<figcaption class=\"widget-image-caption wp-caption-text\">Stylo par\u00e9 Wengue Pernambouc et Frene<\/figcaption>\n\t\t\t\t\t\t\t\t\t\t<\/figure>\n\t\t\t\t\t\t\t\t\t<\/div>\n\t\t\t\t<\/div>\n\t\t\t\t<div class=\"elementor-element elementor-element-ba22480 elementor-widget elementor-widget-image-box\" data-id=\"ba22480\" data-element_type=\"widget\" data-widget_type=\"image-box.default\">\n\t\t\t\t<div class=\"elementor-widget-container\">\n\t\t\t<style>\/*! elementor - v3.17.0 - 08-11-2023 *\/\n.elementor-widget-image-box .elementor-image-box-content{width:100%}@media (min-width:768px){.elementor-widget-image-box.elementor-position-left .elementor-image-box-wrapper,.elementor-widget-image-box.elementor-position-right .elementor-image-box-wrapper{display:flex}.elementor-widget-image-box.elementor-position-right .elementor-image-box-wrapper{text-align:right;flex-direction:row-reverse}.elementor-widget-image-box.elementor-position-left .elementor-image-box-wrapper{text-align:left;flex-direction:row}.elementor-widget-image-box.elementor-position-top .elementor-image-box-img{margin:auto}.elementor-widget-image-box.elementor-vertical-align-top .elementor-image-box-wrapper{align-items:flex-start}.elementor-widget-image-box.elementor-vertical-align-middle .elementor-image-box-wrapper{align-items:center}.elementor-widget-image-box.elementor-vertical-align-bottom .elementor-image-box-wrapper{align-items:flex-end}}@media (max-width:767px){.elementor-widget-image-box .elementor-image-box-img{margin-left:auto!important;margin-right:auto!important;margin-bottom:15px}}.elementor-widget-image-box .elementor-image-box-img{display:inline-block}.elementor-widget-image-box .elementor-image-box-title a{color:inherit}.elementor-widget-image-box .elementor-image-box-wrapper{text-align:center}.elementor-widget-image-box .elementor-image-box-description{margin:0}<\/style><div class=\"elementor-image-box-wrapper\"><div class=\"elementor-image-box-content\"><h3 class=\"elementor-image-box-title\">Stylo \u00e0 bille<\/h3><p class=\"elementor-image-box-description\">Simple, il peut \u00eatre tourn\u00e9 tr\u00e8s fin. Son encre s\u00e8che tr\u00e8s rapidement sur tout type de papier.<\/p><\/div><\/div>\t\t<\/div>\n\t\t\t\t<\/div>\n\t\t\t\t<\/div>\n\t\t<div class=\"elementor-element elementor-element-5018adf e-con-full e-flex e-con e-child\" data-id=\"5018adf\" data-element_type=\"container\" data-settings=\"{&quot;content_width&quot;:&quot;full&quot;}\">\n\t\t\t\t<div class=\"elementor-element elementor-element-4b33bfd elementor-widget elementor-widget-image\" data-id=\"4b33bfd\" data-element_type=\"widget\" data-widget_type=\"image.default\">\n\t\t\t\t<div class=\"elementor-widget-container\">\n\t\t\t\t\t\t\t\t\t\t\t\t<figure class=\"wp-caption\">\n\t\t\t\t\t\t\t\t\t\t<img decoding=\"async\" width=\"2368\" height=\"2368\" src=\"https:\/\/odedubois.fr\/wp-content\/uploads\/2023\/12\/MG_3586.jpg\" class=\"attachment-full size-full wp-image-1708\" alt=\"\" srcset=\"https:\/\/odedubois.fr\/wp-content\/uploads\/2023\/12\/MG_3586.jpg 2368w, https:\/\/odedubois.fr\/wp-content\/uploads\/2023\/12\/MG_3586-300x300.jpg 300w, https:\/\/odedubois.fr\/wp-content\/uploads\/2023\/12\/MG_3586-1024x1024.jpg 1024w, https:\/\/odedubois.fr\/wp-content\/uploads\/2023\/12\/MG_3586-150x150.jpg 150w, https:\/\/odedubois.fr\/wp-content\/uploads\/2023\/12\/MG_3586-768x768.jpg 768w, https:\/\/odedubois.fr\/wp-content\/uploads\/2023\/12\/MG_3586-1536x1536.jpg 1536w, https:\/\/odedubois.fr\/wp-content\/uploads\/2023\/12\/MG_3586-2048x2048.jpg 2048w, https:\/\/odedubois.fr\/wp-content\/uploads\/2023\/12\/MG_3586-600x600.jpg 600w\" sizes=\"(max-width: 2368px) 100vw, 2368px\" \/>\t\t\t\t\t\t\t\t\t\t\t<figcaption class=\"widget-image-caption wp-caption-text\">Roller par\u00e9 de Bois de Sandal<\/figcaption>\n\t\t\t\t\t\t\t\t\t\t<\/figure>\n\t\t\t\t\t\t\t\t\t<\/div>\n\t\t\t\t<\/div>\n\t\t\t\t<div class=\"elementor-element elementor-element-e51abdd elementor-widget elementor-widget-image-box\" data-id=\"e51abdd\" data-element_type=\"widget\" data-widget_type=\"image-box.default\">\n\t\t\t\t<div class=\"elementor-widget-container\">\n\t\t\t<div class=\"elementor-image-box-wrapper\"><div class=\"elementor-image-box-content\"><h3 class=\"elementor-image-box-title\">Stylos Roller<\/h3><p class=\"elementor-image-box-description\">Le Roller allie \u00e9l\u00e9gance, fluidit\u00e9 et facilit\u00e9 d'utilisation; l'essayer c'est l'adopter ! <\/p><\/div><\/div>\t\t<\/div>\n\t\t\t\t<\/div>\n\t\t\t\t<\/div>\n\t\t<div class=\"elementor-element elementor-element-ce0f821 e-con-full e-flex e-con e-child\" data-id=\"ce0f821\" data-element_type=\"container\" data-settings=\"{&quot;content_width&quot;:&quot;full&quot;}\">\n\t\t\t\t<div class=\"elementor-element elementor-element-b281300 elementor-widget elementor-widget-image\" data-id=\"b281300\" data-element_type=\"widget\" data-widget_type=\"image.default\">\n\t\t\t\t<div class=\"elementor-widget-container\">\n\t\t\t\t\t\t\t\t\t\t\t\t<figure class=\"wp-caption\">\n\t\t\t\t\t\t\t\t\t\t<img decoding=\"async\" width=\"1280\" height=\"1280\" src=\"https:\/\/odedubois.fr\/wp-content\/uploads\/2023\/12\/IMG_2478.jpg\" class=\"attachment-full size-full wp-image-1711\" alt=\"\" srcset=\"https:\/\/odedubois.fr\/wp-content\/uploads\/2023\/12\/IMG_2478.jpg 1280w, https:\/\/odedubois.fr\/wp-content\/uploads\/2023\/12\/IMG_2478-300x300.jpg 300w, https:\/\/odedubois.fr\/wp-content\/uploads\/2023\/12\/IMG_2478-1024x1024.jpg 1024w, https:\/\/odedubois.fr\/wp-content\/uploads\/2023\/12\/IMG_2478-150x150.jpg 150w, https:\/\/odedubois.fr\/wp-content\/uploads\/2023\/12\/IMG_2478-768x768.jpg 768w, https:\/\/odedubois.fr\/wp-content\/uploads\/2023\/12\/IMG_2478-600x600.jpg 600w\" sizes=\"(max-width: 1280px) 100vw, 1280px\" \/>\t\t\t\t\t\t\t\t\t\t\t<figcaption class=\"widget-image-caption wp-caption-text\">Plume \u00e0 parure en r\u00e9sine acrylique<\/figcaption>\n\t\t\t\t\t\t\t\t\t\t<\/figure>\n\t\t\t\t\t\t\t\t\t<\/div>\n\t\t\t\t<\/div>\n\t\t\t\t<div class=\"elementor-element elementor-element-28d4c4a elementor-widget elementor-widget-image-box\" data-id=\"28d4c4a\" data-element_type=\"widget\" data-widget_type=\"image-box.default\">\n\t\t\t\t<div class=\"elementor-widget-container\">\n\t\t\t<div class=\"elementor-image-box-wrapper\"><div class=\"elementor-image-box-content\"><h3 class=\"elementor-image-box-title\">Stylos Plume<\/h3><p class=\"elementor-image-box-description\">Si vous aimez \u00e9crire, vous allez adorer le faire avec une plume: beaut\u00e9 &amp; confort d'\u00e9criture seront au rendez-vous.<\/p><\/div><\/div>\t\t<\/div>\n\t\t\t\t<\/div>\n\t\t\t\t<\/div>\n\t\t\t\t<\/div>\n\t\t\t\t<\/div>\n\t\t<div class=\"elementor-element elementor-element-cc558a9 e-con-full e-flex e-con e-parent\" data-id=\"cc558a9\" data-element_type=\"container\" data-settings=\"{&quot;content_width&quot;:&quot;full&quot;}\" data-core-v316-plus=\"true\">\n\t\t\t\t<div class=\"elementor-element elementor-element-1fb42b2 elementor-widget__width-inherit elementor-arrows-position-inside elementor-widget elementor-widget-image-carousel\" data-id=\"1fb42b2\" data-element_type=\"widget\" data-settings=\"{&quot;navigation&quot;:&quot;arrows&quot;,&quot;autoplay&quot;:&quot;yes&quot;,&quot;pause_on_hover&quot;:&quot;yes&quot;,&quot;pause_on_interaction&quot;:&quot;yes&quot;,&quot;autoplay_speed&quot;:5000,&quot;infinite&quot;:&quot;yes&quot;,&quot;speed&quot;:500}\" data-widget_type=\"image-carousel.default\">\n\t\t\t\t<div class=\"elementor-widget-container\">\n\t\t\t<style>\/*! elementor - v3.17.0 - 08-11-2023 *\/\n.elementor-widget-image-carousel .swiper,.elementor-widget-image-carousel .swiper-container{position:static}.elementor-widget-image-carousel .swiper-container .swiper-slide figure,.elementor-widget-image-carousel .swiper .swiper-slide figure{line-height:inherit}.elementor-widget-image-carousel .swiper-slide{text-align:center}.elementor-image-carousel-wrapper:not(.swiper-container-initialized):not(.swiper-initialized) .swiper-slide{max-width:calc(100% \/ var(--e-image-carousel-slides-to-show, 3))}<\/style>\t\t<div class=\"elementor-image-carousel-wrapper swiper\" dir=\"ltr\">\n\t\t\t<div class=\"elementor-image-carousel swiper-wrapper\" aria-live=\"off\">\n\t\t\t\t\t\t\t\t<div class=\"swiper-slide\" role=\"group\" aria-roledescription=\"slide\" aria-label=\"1 sur 11\"><figure class=\"swiper-slide-inner\"><img decoding=\"async\" class=\"swiper-slide-image\" src=\"https:\/\/odedubois.fr\/wp-content\/uploads\/2023\/12\/MG_3532-300x300.jpg\" alt=\"_MG_3532\" \/><\/figure><\/div><div class=\"swiper-slide\" role=\"group\" aria-roledescription=\"slide\" aria-label=\"2 sur 11\"><figure class=\"swiper-slide-inner\"><img decoding=\"async\" class=\"swiper-slide-image\" src=\"https:\/\/odedubois.fr\/wp-content\/uploads\/2023\/12\/MG_3531-300x300.jpg\" alt=\"_MG_3531\" \/><\/figure><\/div><div class=\"swiper-slide\" role=\"group\" aria-roledescription=\"slide\" aria-label=\"3 sur 11\"><figure class=\"swiper-slide-inner\"><img decoding=\"async\" class=\"swiper-slide-image\" src=\"https:\/\/odedubois.fr\/wp-content\/uploads\/2023\/12\/MG_3523-300x275.jpg\" alt=\"_MG_3523\" \/><\/figure><\/div><div class=\"swiper-slide\" role=\"group\" aria-roledescription=\"slide\" aria-label=\"4 sur 11\"><figure class=\"swiper-slide-inner\"><img decoding=\"async\" class=\"swiper-slide-image\" src=\"https:\/\/odedubois.fr\/wp-content\/uploads\/2023\/12\/MG_3547-300x300.jpg\" alt=\"_MG_3547\" \/><\/figure><\/div><div class=\"swiper-slide\" role=\"group\" aria-roledescription=\"slide\" aria-label=\"5 sur 11\"><figure class=\"swiper-slide-inner\"><img decoding=\"async\" class=\"swiper-slide-image\" src=\"https:\/\/odedubois.fr\/wp-content\/uploads\/2023\/12\/MG_3550-300x300.jpg\" alt=\"_MG_3550\" \/><\/figure><\/div><div class=\"swiper-slide\" role=\"group\" aria-roledescription=\"slide\" aria-label=\"6 sur 11\"><figure class=\"swiper-slide-inner\"><img decoding=\"async\" class=\"swiper-slide-image\" src=\"https:\/\/odedubois.fr\/wp-content\/uploads\/2023\/12\/MG_3572-300x285.jpg\" alt=\"_MG_3572\" \/><\/figure><\/div><div class=\"swiper-slide\" role=\"group\" aria-roledescription=\"slide\" aria-label=\"7 sur 11\"><figure class=\"swiper-slide-inner\"><img decoding=\"async\" class=\"swiper-slide-image\" src=\"https:\/\/odedubois.fr\/wp-content\/uploads\/2023\/12\/MG_3589-300x260.jpg\" alt=\"_MG_3589\" \/><\/figure><\/div><div class=\"swiper-slide\" role=\"group\" aria-roledescription=\"slide\" aria-label=\"8 sur 11\"><figure class=\"swiper-slide-inner\"><img decoding=\"async\" class=\"swiper-slide-image\" src=\"https:\/\/odedubois.fr\/wp-content\/uploads\/2023\/12\/IMG_1743-300x252.jpg\" alt=\"IMG_1743\" \/><\/figure><\/div><div class=\"swiper-slide\" role=\"group\" aria-roledescription=\"slide\" aria-label=\"9 sur 11\"><figure class=\"swiper-slide-inner\"><img decoding=\"async\" class=\"swiper-slide-image\" src=\"https:\/\/odedubois.fr\/wp-content\/uploads\/2023\/12\/MG_3586-300x300.jpg\" alt=\"_MG_3586\" \/><\/figure><\/div><div class=\"swiper-slide\" role=\"group\" aria-roledescription=\"slide\" aria-label=\"10 sur 11\"><figure class=\"swiper-slide-inner\"><img decoding=\"async\" class=\"swiper-slide-image\" src=\"https:\/\/odedubois.fr\/wp-content\/uploads\/2023\/12\/IMG_2478-300x300.jpg\" alt=\"IMG_2478\" \/><\/figure><\/div><div class=\"swiper-slide\" role=\"group\" aria-roledescription=\"slide\" aria-label=\"11 sur 11\"><figure class=\"swiper-slide-inner\"><img decoding=\"async\" class=\"swiper-slide-image\" src=\"https:\/\/odedubois.fr\/wp-content\/uploads\/2023\/12\/IMG_2504-300x225.jpg\" alt=\"IMG_2504\" \/><\/figure><\/div>\t\t\t<\/div>\n\t\t\t\t\t\t\t\t\t\t\t\t<div class=\"elementor-swiper-button elementor-swiper-button-prev\" role=\"button\" tabindex=\"0\">\n\t\t\t\t\t\t<i aria-hidden=\"true\" class=\"eicon-chevron-left\"><\/i>\t\t\t\t\t<\/div>\n\t\t\t\t\t<div class=\"elementor-swiper-button elementor-swiper-button-next\" role=\"button\" tabindex=\"0\">\n\t\t\t\t\t\t<i aria-hidden=\"true\" class=\"eicon-chevron-right\"><\/i>\t\t\t\t\t<\/div>\n\t\t\t\t\n\t\t\t\t\t\t\t\t\t<\/div>\n\t\t\t\t<\/div>\n\t\t\t\t<\/div>\n\t\t\t\t<\/div>\n\t\t<div class=\"elementor-element elementor-element-842cba2 e-con-full e-flex e-con e-parent\" data-id=\"842cba2\" data-element_type=\"container\" data-settings=\"{&quot;content_width&quot;:&quot;full&quot;,&quot;background_background&quot;:&quot;classic&quot;}\" data-core-v316-plus=\"true\">\n\t\t\t\t<div class=\"elementor-element elementor-element-bd39b7e elementor-widget elementor-widget-text-editor\" data-id=\"bd39b7e\" data-element_type=\"widget\" data-widget_type=\"text-editor.default\">\n\t\t\t\t<div class=\"elementor-widget-container\">\n\t\t\t<style>\/*! elementor - v3.17.0 - 08-11-2023 *\/\n.elementor-widget-text-editor.elementor-drop-cap-view-stacked .elementor-drop-cap{background-color:#69727d;color:#fff}.elementor-widget-text-editor.elementor-drop-cap-view-framed .elementor-drop-cap{color:#69727d;border:3px solid;background-color:transparent}.elementor-widget-text-editor:not(.elementor-drop-cap-view-default) .elementor-drop-cap{margin-top:8px}.elementor-widget-text-editor:not(.elementor-drop-cap-view-default) .elementor-drop-cap-letter{width:1em;height:1em}.elementor-widget-text-editor .elementor-drop-cap{float:left;text-align:center;line-height:1;font-size:50px}.elementor-widget-text-editor .elementor-drop-cap-letter{display:inline-block}<\/style>\t\t\t\t<p>Chaque stylo est <strong>fabriqu\u00e9 \u00e0 l&rsquo;unit\u00e9, tourn\u00e9 \u00e0 la main<\/strong> dans mon atelier, en Alsace.<\/p><p>Il peut \u00eatre enti\u00e8rement <strong>personnalis\u00e9 selon vos go\u00fbts et pr\u00e9f\u00e9rences<\/strong>:<\/p><p>\u00a0 \u00a0 \u00a0Mod\u00e8les et tons \/ mat\u00e9riaux des m\u00e9canismes.<\/p><p>\u00a0 \u00a0 \u00a0Essence(s) du(des) bois, motifs, collages&#8230; Tout est envisageable !<\/p><p>\u00a0 \u00a0 \u00a0Forme de la parure, d\u00e9tails de tournage.<\/p>\t\t\t\t\t\t<\/div>\n\t\t\t\t<\/div>\n\t\t\t\t<\/div>\n\t\t<div class=\"elementor-element elementor-element-riy62sg e-con-full e-flex e-con e-parent\" data-id=\"riy62sg\" data-element_type=\"container\" data-settings=\"{&quot;background_background&quot;:&quot;classic&quot;,&quot;content_width&quot;:&quot;full&quot;}\" data-core-v316-plus=\"true\">\n\t\t\t\t<\/div>\n\t\t\t\t\t\t\t<\/div>\n\t\t","protected":false},"excerpt":{"rendered":"<p>Pour retrouver le plaisir de l&rsquo;\u00e9criture&#8230; &#8211; A chacun son style d&rsquo;\u00e9criture &#8211; Stylo par\u00e9 Wengue Pernambouc et Frene Stylo \u00e0 bille Simple, il peut \u00eatre tourn\u00e9 tr\u00e8s fin. Son encre s\u00e8che tr\u00e8s rapidement sur tout type de papier. Roller par\u00e9 de Bois de Sandal Stylos Roller Le Roller allie \u00e9l\u00e9gance, fluidit\u00e9 et facilit\u00e9 d&rsquo;utilisation; [&hellip;]<\/p>\n","protected":false},"author":1,"featured_media":0,"parent":0,"menu_order":0,"comment_status":"closed","ping_status":"closed","template":"","meta":{"footnotes":""},"class_list":["post-85","page","type-page","status-publish","hentry","entry"],"yoast_head":"<!-- This site is optimized with the Yoast SEO plugin v21.6 - https:\/\/yoast.com\/wordpress\/plugins\/seo\/ -->\n<title>Les Stylos - Love Nature<\/title>\n<meta name=\"robots\" content=\"index, follow, max-snippet:-1, max-image-preview:large, max-video-preview:-1\" \/>\n<link rel=\"canonical\" href=\"https:\/\/odedubois.fr\/index.php\/les-stylos\/\" \/>\n<meta property=\"og:locale\" content=\"fr_FR\" \/>\n<meta property=\"og:type\" content=\"article\" \/>\n<meta property=\"og:title\" content=\"Les Stylos - Love Nature\" \/>\n<meta property=\"og:description\" content=\"Pour retrouver le plaisir de l&rsquo;\u00e9criture&#8230; &#8211; A chacun son style d&rsquo;\u00e9criture &#8211; Stylo par\u00e9 Wengue Pernambouc et Frene Stylo \u00e0 bille Simple, il peut \u00eatre tourn\u00e9 tr\u00e8s fin. Son encre s\u00e8che tr\u00e8s rapidement sur tout type de papier. Roller par\u00e9 de Bois de Sandal Stylos Roller Le Roller allie \u00e9l\u00e9gance, fluidit\u00e9 et facilit\u00e9 d&rsquo;utilisation; [&hellip;]\" \/>\n<meta property=\"og:url\" content=\"https:\/\/odedubois.fr\/index.php\/les-stylos\/\" \/>\n<meta property=\"og:site_name\" content=\"Love Nature\" \/>\n<meta property=\"article:modified_time\" content=\"2023-12-10T19:29:46+00:00\" \/>\n<meta property=\"og:image\" content=\"http:\/\/odedubois.fr\/wp-content\/uploads\/2023\/12\/MG_3550.jpg\" \/>\n<meta name=\"twitter:card\" content=\"summary_large_image\" \/>\n<meta name=\"twitter:label1\" content=\"Dur\u00e9e de lecture estim\u00e9e\" \/>\n\t<meta name=\"twitter:data1\" content=\"4 minutes\" \/>\n<script type=\"application\/ld+json\" class=\"yoast-schema-graph\">{\"@context\":\"https:\/\/schema.org\",\"@graph\":[{\"@type\":\"WebPage\",\"@id\":\"https:\/\/odedubois.fr\/index.php\/les-stylos\/\",\"url\":\"https:\/\/odedubois.fr\/index.php\/les-stylos\/\",\"name\":\"Les Stylos - Love Nature\",\"isPartOf\":{\"@id\":\"https:\/\/odedubois.fr\/#website\"},\"datePublished\":\"2023-11-22T20:31:43+00:00\",\"dateModified\":\"2023-12-10T19:29:46+00:00\",\"breadcrumb\":{\"@id\":\"https:\/\/odedubois.fr\/index.php\/les-stylos\/#breadcrumb\"},\"inLanguage\":\"fr-FR\",\"potentialAction\":[{\"@type\":\"ReadAction\",\"target\":[\"https:\/\/odedubois.fr\/index.php\/les-stylos\/\"]}]},{\"@type\":\"BreadcrumbList\",\"@id\":\"https:\/\/odedubois.fr\/index.php\/les-stylos\/#breadcrumb\",\"itemListElement\":[{\"@type\":\"ListItem\",\"position\":1,\"name\":\"Accueil\",\"item\":\"https:\/\/odedubois.fr\/\"},{\"@type\":\"ListItem\",\"position\":2,\"name\":\"Les Stylos\"}]},{\"@type\":\"WebSite\",\"@id\":\"https:\/\/odedubois.fr\/#website\",\"url\":\"https:\/\/odedubois.fr\/\",\"name\":\"Love Nature\",\"description\":\"Just another Astra Starter Templates site\",\"publisher\":{\"@id\":\"https:\/\/odedubois.fr\/#organization\"},\"potentialAction\":[{\"@type\":\"SearchAction\",\"target\":{\"@type\":\"EntryPoint\",\"urlTemplate\":\"https:\/\/odedubois.fr\/?s={search_term_string}\"},\"query-input\":\"required name=search_term_string\"}],\"inLanguage\":\"fr-FR\"},{\"@type\":\"Organization\",\"@id\":\"https:\/\/odedubois.fr\/#organization\",\"name\":\"Love Nature\",\"url\":\"https:\/\/odedubois.fr\/\",\"logo\":{\"@type\":\"ImageObject\",\"inLanguage\":\"fr-FR\",\"@id\":\"https:\/\/odedubois.fr\/#\/schema\/logo\/image\/\",\"url\":\"https:\/\/odedubois.fr\/wp-content\/uploads\/2023\/11\/cropped-cropped-LOde-du-bois_compact.png\",\"contentUrl\":\"https:\/\/odedubois.fr\/wp-content\/uploads\/2023\/11\/cropped-cropped-LOde-du-bois_compact.png\",\"width\":403,\"height\":181,\"caption\":\"Love Nature\"},\"image\":{\"@id\":\"https:\/\/odedubois.fr\/#\/schema\/logo\/image\/\"}}]}<\/script>\n<!-- \/ Yoast SEO plugin. -->","yoast_head_json":{"title":"Les Stylos - Love Nature","robots":{"index":"index","follow":"follow","max-snippet":"max-snippet:-1","max-image-preview":"max-image-preview:large","max-video-preview":"max-video-preview:-1"},"canonical":"https:\/\/odedubois.fr\/index.php\/les-stylos\/","og_locale":"fr_FR","og_type":"article","og_title":"Les Stylos - Love Nature","og_description":"Pour retrouver le plaisir de l&rsquo;\u00e9criture&#8230; &#8211; A chacun son style d&rsquo;\u00e9criture &#8211; Stylo par\u00e9 Wengue Pernambouc et Frene Stylo \u00e0 bille Simple, il peut \u00eatre tourn\u00e9 tr\u00e8s fin. Son encre s\u00e8che tr\u00e8s rapidement sur tout type de papier. Roller par\u00e9 de Bois de Sandal Stylos Roller Le Roller allie \u00e9l\u00e9gance, fluidit\u00e9 et facilit\u00e9 d&rsquo;utilisation; [&hellip;]","og_url":"https:\/\/odedubois.fr\/index.php\/les-stylos\/","og_site_name":"Love Nature","article_modified_time":"2023-12-10T19:29:46+00:00","og_image":[{"url":"http:\/\/odedubois.fr\/wp-content\/uploads\/2023\/12\/MG_3550.jpg"}],"twitter_card":"summary_large_image","twitter_misc":{"Dur\u00e9e de lecture estim\u00e9e":"4 minutes"},"schema":{"@context":"https:\/\/schema.org","@graph":[{"@type":"WebPage","@id":"https:\/\/odedubois.fr\/index.php\/les-stylos\/","url":"https:\/\/odedubois.fr\/index.php\/les-stylos\/","name":"Les Stylos - Love Nature","isPartOf":{"@id":"https:\/\/odedubois.fr\/#website"},"datePublished":"2023-11-22T20:31:43+00:00","dateModified":"2023-12-10T19:29:46+00:00","breadcrumb":{"@id":"https:\/\/odedubois.fr\/index.php\/les-stylos\/#breadcrumb"},"inLanguage":"fr-FR","potentialAction":[{"@type":"ReadAction","target":["https:\/\/odedubois.fr\/index.php\/les-stylos\/"]}]},{"@type":"BreadcrumbList","@id":"https:\/\/odedubois.fr\/index.php\/les-stylos\/#breadcrumb","itemListElement":[{"@type":"ListItem","position":1,"name":"Accueil","item":"https:\/\/odedubois.fr\/"},{"@type":"ListItem","position":2,"name":"Les Stylos"}]},{"@type":"WebSite","@id":"https:\/\/odedubois.fr\/#website","url":"https:\/\/odedubois.fr\/","name":"Love Nature","description":"Just another Astra Starter Templates site","publisher":{"@id":"https:\/\/odedubois.fr\/#organization"},"potentialAction":[{"@type":"SearchAction","target":{"@type":"EntryPoint","urlTemplate":"https:\/\/odedubois.fr\/?s={search_term_string}"},"query-input":"required name=search_term_string"}],"inLanguage":"fr-FR"},{"@type":"Organization","@id":"https:\/\/odedubois.fr\/#organization","name":"Love Nature","url":"https:\/\/odedubois.fr\/","logo":{"@type":"ImageObject","inLanguage":"fr-FR","@id":"https:\/\/odedubois.fr\/#\/schema\/logo\/image\/","url":"https:\/\/odedubois.fr\/wp-content\/uploads\/2023\/11\/cropped-cropped-LOde-du-bois_compact.png","contentUrl":"https:\/\/odedubois.fr\/wp-content\/uploads\/2023\/11\/cropped-cropped-LOde-du-bois_compact.png","width":403,"height":181,"caption":"Love Nature"},"image":{"@id":"https:\/\/odedubois.fr\/#\/schema\/logo\/image\/"}}]}},"_links":{"self":[{"href":"https:\/\/odedubois.fr\/index.php\/wp-json\/wp\/v2\/pages\/85","targetHints":{"allow":["GET"]}}],"collection":[{"href":"https:\/\/odedubois.fr\/index.php\/wp-json\/wp\/v2\/pages"}],"about":[{"href":"https:\/\/odedubois.fr\/index.php\/wp-json\/wp\/v2\/types\/page"}],"author":[{"embeddable":true,"href":"https:\/\/odedubois.fr\/index.php\/wp-json\/wp\/v2\/users\/1"}],"replies":[{"embeddable":true,"href":"https:\/\/odedubois.fr\/index.php\/wp-json\/wp\/v2\/comments?post=85"}],"version-history":[{"count":124,"href":"https:\/\/odedubois.fr\/index.php\/wp-json\/wp\/v2\/pages\/85\/revisions"}],"predecessor-version":[{"id":1906,"href":"https:\/\/odedubois.fr\/index.php\/wp-json\/wp\/v2\/pages\/85\/revisions\/1906"}],"wp:attachment":[{"href":"https:\/\/odedubois.fr\/index.php\/wp-json\/wp\/v2\/media?parent=85"}],"curies":[{"name":"wp","href":"https:\/\/api.w.org\/{rel}","templated":true}]}}