{"id":66,"date":"2023-11-22T20:33:53","date_gmt":"2023-11-22T19:33:53","guid":{"rendered":"https:\/\/odedubois.fr\/?page_id=66"},"modified":"2023-12-10T20:48:55","modified_gmt":"2023-12-10T19:48:55","slug":"mentions-legales","status":"publish","type":"page","link":"https:\/\/odedubois.fr\/index.php\/mentions-legales\/","title":{"rendered":"Mentions l\u00e9gales"},"content":{"rendered":"\t\t<div data-elementor-type=\"wp-page\" data-elementor-id=\"66\" class=\"elementor elementor-66\">\n\t\t\t\t\t\t\t<div class=\"elementor-element elementor-element-729b9e5 e-con-full e-flex e-con e-parent\" data-id=\"729b9e5\" data-element_type=\"container\" data-settings=\"{&quot;content_width&quot;:&quot;full&quot;}\" data-core-v316-plus=\"true\">\n\t\t\t\t<div class=\"elementor-element elementor-element-2253b19 elementor-widget elementor-widget-heading\" data-id=\"2253b19\" data-element_type=\"widget\" data-widget_type=\"heading.default\">\n\t\t\t\t<div class=\"elementor-widget-container\">\n\t\t\t<style>\/*! elementor - v3.17.0 - 08-11-2023 *\/\n.elementor-heading-title{padding:0;margin:0;line-height:1}.elementor-widget-heading .elementor-heading-title[class*=elementor-size-]>a{color:inherit;font-size:inherit;line-height:inherit}.elementor-widget-heading .elementor-heading-title.elementor-size-small{font-size:15px}.elementor-widget-heading .elementor-heading-title.elementor-size-medium{font-size:19px}.elementor-widget-heading .elementor-heading-title.elementor-size-large{font-size:29px}.elementor-widget-heading .elementor-heading-title.elementor-size-xl{font-size:39px}.elementor-widget-heading .elementor-heading-title.elementor-size-xxl{font-size:59px}<\/style><h1 class=\"elementor-heading-title elementor-size-default\">Mentions l\u00e9gales:<\/h1>\t\t<\/div>\n\t\t\t\t<\/div>\n\t\t\t\t<div class=\"elementor-element elementor-element-c54cdc4 elementor-widget elementor-widget-heading\" data-id=\"c54cdc4\" data-element_type=\"widget\" data-widget_type=\"heading.default\">\n\t\t\t\t<div class=\"elementor-widget-container\">\n\t\t\t<h3 class=\"elementor-heading-title elementor-size-default\">Personne physique: <\/h3>\t\t<\/div>\n\t\t\t\t<\/div>\n\t\t\t\t<div class=\"elementor-element elementor-element-3bce3e6 elementor-widget elementor-widget-text-editor\" data-id=\"3bce3e6\" data-element_type=\"widget\" data-widget_type=\"text-editor.default\">\n\t\t\t\t<div class=\"elementor-widget-container\">\n\t\t\t<style>\/*! elementor - v3.17.0 - 08-11-2023 *\/\n.elementor-widget-text-editor.elementor-drop-cap-view-stacked .elementor-drop-cap{background-color:#69727d;color:#fff}.elementor-widget-text-editor.elementor-drop-cap-view-framed .elementor-drop-cap{color:#69727d;border:3px solid;background-color:transparent}.elementor-widget-text-editor:not(.elementor-drop-cap-view-default) .elementor-drop-cap{margin-top:8px}.elementor-widget-text-editor:not(.elementor-drop-cap-view-default) .elementor-drop-cap-letter{width:1em;height:1em}.elementor-widget-text-editor .elementor-drop-cap{float:left;text-align:center;line-height:1;font-size:50px}.elementor-widget-text-editor .elementor-drop-cap-letter{display:inline-block}<\/style>\t\t\t\t<p>Mr Brice Perr\u00e9ard<\/p><p>13, rue de Rumersheim<\/p><p>67370 Gimbrett, France<\/p><p>perreard.brice@gmail.com<\/p><p>06.74.xx.xx.46<\/p><p>\u00a0<\/p><p>\u00a0<\/p><p>L&rsquo;Ode du Bois<\/p><p>Micro-entreprise cr\u00e9e Oct 2015<\/p><p>N\u00b0 SIREN: 814358727<\/p><p>TVA Intracommunautaire: FR49814358727<\/p><p>Responsable de la publication: Mr Brice Perr\u00e9ard<\/p>\t\t\t\t\t\t<\/div>\n\t\t\t\t<\/div>\n\t\t\t\t<div class=\"elementor-element elementor-element-8c612b9 elementor-widget elementor-widget-heading\" data-id=\"8c612b9\" data-element_type=\"widget\" data-widget_type=\"heading.default\">\n\t\t\t\t<div class=\"elementor-widget-container\">\n\t\t\t<h3 class=\"elementor-heading-title elementor-size-default\">Propri\u00e9t\u00e9 intellectuelle:<\/h3>\t\t<\/div>\n\t\t\t\t<\/div>\n\t\t\t\t<div class=\"elementor-element elementor-element-6f9f411 elementor-widget elementor-widget-text-editor\" data-id=\"6f9f411\" data-element_type=\"widget\" data-widget_type=\"text-editor.default\">\n\t\t\t\t<div class=\"elementor-widget-container\">\n\t\t\t\t\t\t\t<p>Les images, illustrations et <span style=\"font-size: 14px; text-align: var(--text-align);\">photographies de ce site sont notre propri\u00e9t\u00e9s, ou ilbres de tout droit d&rsquo;utilisation.&nbsp;<\/span><\/p>\n<p>Les textes de ce site internet sont notre propri\u00e9t\u00e9. Les sources de citations de tiers sont d\u00e9crites directement sous l&#8217;emplacement du\/des texte(s) emprunt\u00e9(s).&nbsp;<\/p>\t\t\t\t\t\t<\/div>\n\t\t\t\t<\/div>\n\t\t\t\t<div class=\"elementor-element elementor-element-c9e19c8 elementor-widget elementor-widget-heading\" data-id=\"c9e19c8\" data-element_type=\"widget\" data-widget_type=\"heading.default\">\n\t\t\t\t<div class=\"elementor-widget-container\">\n\t\t\t<h3 class=\"elementor-heading-title elementor-size-default\">H\u00e9bergement du site:<\/h3>\t\t<\/div>\n\t\t\t\t<\/div>\n\t\t\t\t<div class=\"elementor-element elementor-element-7036791 elementor-widget elementor-widget-text-editor\" data-id=\"7036791\" data-element_type=\"widget\" data-widget_type=\"text-editor.default\">\n\t\t\t\t<div class=\"elementor-widget-container\">\n\t\t\t\t\t\t\t<p><span style=\"font-size: 14px; text-align: var(--text-align);\">OVH SAS<\/span><\/p>\n<p>2 rue Kellermann<\/p>\n<p>59100 Roubaix &#8211; France<\/p>\n<p><\/p>\t\t\t\t\t\t<\/div>\n\t\t\t\t<\/div>\n\t\t\t\t<div class=\"elementor-element elementor-element-923cbb8 elementor-widget elementor-widget-heading\" data-id=\"923cbb8\" data-element_type=\"widget\" data-widget_type=\"heading.default\">\n\t\t\t\t<div class=\"elementor-widget-container\">\n\t\t\t<h3 class=\"elementor-heading-title elementor-size-default\">Conditions G\u00e9n\u00e9rales de vente:<\/h3>\t\t<\/div>\n\t\t\t\t<\/div>\n\t\t\t\t<div class=\"elementor-element elementor-element-0da046a elementor-widget elementor-widget-text-editor\" data-id=\"0da046a\" data-element_type=\"widget\" data-widget_type=\"text-editor.default\">\n\t\t\t\t<div class=\"elementor-widget-container\">\n\t\t\t\t\t\t\t<ul style=\"box-sizing: inherit; margin-top: 0px; margin-bottom: 2rem; margin-left: 0px; margin-block-start: var(--xl-block); margin-block-end: var(--xl-block); --xl-size: var(--xl-base); list-style-type: var(--ul-type); padding-inline-start: var(--ul-start); color: #3a3a3a; font-family: Marianne, arial, sans-serif; font-size: 16px; font-style: normal; font-variant-ligatures: normal; font-variant-caps: normal;\"><li style=\"box-sizing: inherit; --xl-base: calc(var(--xl-size) * 0.9); padding-bottom: var(--li-bottom); margin-bottom: 0.5rem;\">Nos Prix s&rsquo;entendent exclusivement<abbr style=\"font-weight: 400; box-sizing: inherit; outline-offset: 2px; outline-width: 2px; outline-color: #0a76f6; text-decoration-line: underline; font-style: italic;\" tabindex=\"0\" data-toggle=\"tooltip\" data-sigle=\"R24408\" data-original-title=\"TTC\u00a0:\u00a0Toutes taxes comprises\"><span style=\"box-sizing: inherit; position: absolute; width: 1px; height: 1px; margin: -1px; overflow: hidden; clip: rect(0px, 0px, 0px, 0px); white-space: nowrap;\">: TTC\u00a0:\u00a0Toutes taxes comprises<\/span><\/abbr>\u00a0<b>en euros<\/b>. Ils sont toujours indiqu\u00e9s et communiqu\u00e9s toutes taxes comprises <b>(TTC)<\/b>.<\/li><li style=\"box-sizing: inherit; --xl-base: calc(var(--xl-size) * 0.9); padding-bottom: var(--li-bottom); margin-bottom: 0.5rem;\"><span style=\"font-weight: 400;\">Frais, date et modalit\u00e9s d&rsquo;enl\u00e8vement \/ livraison sont convenus \u00e0 la commande, <\/span><b>entre les deux parties<\/b>.<\/li><li style=\"font-weight: 400; box-sizing: inherit; --xl-base: calc(var(--xl-size) * 0.9); padding-bottom: var(--li-bottom); margin-bottom: 0.5rem;\">Modalit\u00e9s de paiement\u00a0: Carte Bancaire &#8211; Virement &#8211; Ch\u00e8que &#8211; Esp\u00e8ces<\/li><li style=\"box-sizing: inherit; --xl-base: calc(var(--xl-size) * 0.9); padding-bottom: var(--li-bottom); margin-bottom: 0.5rem;\"><span style=\"font-weight: 400;\">Droit de r\u00e9tractation\u00a0: <\/span><b>d\u00e9lai de 7 jours ouvrables<\/b> apr\u00e8s achat, <b>uniquement<\/b> si l&rsquo;objet ne pr\u00e9sente pas de choc, rayure, marque ou trace d&rsquo;utilisation. Nous nous reservons le droit de refuser un retour si l&rsquo;objet ne satisafait pas \u00e0 ces conditions.<\/li><li style=\"font-weight: 400; box-sizing: inherit; --xl-base: calc(var(--xl-size) * 0.9); padding-bottom: var(--li-bottom); margin-bottom: 0.5rem;\">Modalit\u00e9s de r\u00e8glement des litiges\u00a0: via la Plateforme de R\u00e8glement en Ligne des Litiges &#8211; (Lien ci-dessous)<\/li><\/ul>\t\t\t\t\t\t<\/div>\n\t\t\t\t<\/div>\n\t\t\t\t<div class=\"elementor-element elementor-element-3f3599b elementor-widget__width-inherit elementor-widget elementor-widget-heading\" data-id=\"3f3599b\" data-element_type=\"widget\" data-widget_type=\"heading.default\">\n\t\t\t\t<div class=\"elementor-widget-container\">\n\t\t\t<h2 class=\"elementor-heading-title elementor-size-default\"><a href=\"https:\/\/entreprendre.service-public.fr\/vosdroits\/R48100\" target=\"_blank\">R\u00e8glement en ligne des litiges - Achats nationaux ou dans l'UE<\/a><\/h2>\t\t<\/div>\n\t\t\t\t<\/div>\n\t\t\t\t<\/div>\n\t\t\t\t\t\t\t<\/div>\n\t\t","protected":false},"excerpt":{"rendered":"<p>Mentions l\u00e9gales: Personne physique: Mr Brice Perr\u00e9ard 13, rue de Rumersheim 67370 Gimbrett, France perreard.brice@gmail.com 06.74.xx.xx.46 \u00a0 \u00a0 L&rsquo;Ode du Bois Micro-entreprise cr\u00e9e Oct 2015 N\u00b0 SIREN: 814358727 TVA Intracommunautaire: FR49814358727 Responsable de la publication: Mr Brice Perr\u00e9ard Propri\u00e9t\u00e9 intellectuelle: Les images, illustrations et photographies de ce site sont notre propri\u00e9t\u00e9s, ou ilbres de tout [&hellip;]<\/p>\n","protected":false},"author":1,"featured_media":0,"parent":0,"menu_order":0,"comment_status":"closed","ping_status":"closed","template":"","meta":{"footnotes":""},"class_list":["post-66","page","type-page","status-publish","hentry","entry"],"yoast_head":"<!-- This site is optimized with the Yoast SEO plugin v21.6 - https:\/\/yoast.com\/wordpress\/plugins\/seo\/ -->\n<title>Mentions l\u00e9gales - Love Nature<\/title>\n<meta name=\"robots\" content=\"index, follow, max-snippet:-1, max-image-preview:large, max-video-preview:-1\" \/>\n<link rel=\"canonical\" href=\"https:\/\/odedubois.fr\/index.php\/mentions-legales\/\" \/>\n<meta property=\"og:locale\" content=\"fr_FR\" \/>\n<meta property=\"og:type\" content=\"article\" \/>\n<meta property=\"og:title\" content=\"Mentions l\u00e9gales - Love Nature\" \/>\n<meta property=\"og:description\" content=\"Mentions l\u00e9gales: Personne physique: Mr Brice Perr\u00e9ard 13, rue de Rumersheim 67370 Gimbrett, France perreard.brice@gmail.com 06.74.xx.xx.46 \u00a0 \u00a0 L&rsquo;Ode du Bois Micro-entreprise cr\u00e9e Oct 2015 N\u00b0 SIREN: 814358727 TVA Intracommunautaire: FR49814358727 Responsable de la publication: Mr Brice Perr\u00e9ard Propri\u00e9t\u00e9 intellectuelle: Les images, illustrations et photographies de ce site sont notre propri\u00e9t\u00e9s, ou ilbres de tout [&hellip;]\" \/>\n<meta property=\"og:url\" content=\"https:\/\/odedubois.fr\/index.php\/mentions-legales\/\" \/>\n<meta property=\"og:site_name\" content=\"Love Nature\" \/>\n<meta property=\"article:modified_time\" content=\"2023-12-10T19:48:55+00:00\" \/>\n<meta name=\"twitter:card\" content=\"summary_large_image\" \/>\n<meta name=\"twitter:label1\" content=\"Dur\u00e9e de lecture estim\u00e9e\" \/>\n\t<meta name=\"twitter:data1\" content=\"2 minutes\" \/>\n<script type=\"application\/ld+json\" class=\"yoast-schema-graph\">{\"@context\":\"https:\/\/schema.org\",\"@graph\":[{\"@type\":\"WebPage\",\"@id\":\"https:\/\/odedubois.fr\/index.php\/mentions-legales\/\",\"url\":\"https:\/\/odedubois.fr\/index.php\/mentions-legales\/\",\"name\":\"Mentions l\u00e9gales - Love Nature\",\"isPartOf\":{\"@id\":\"https:\/\/odedubois.fr\/#website\"},\"datePublished\":\"2023-11-22T19:33:53+00:00\",\"dateModified\":\"2023-12-10T19:48:55+00:00\",\"breadcrumb\":{\"@id\":\"https:\/\/odedubois.fr\/index.php\/mentions-legales\/#breadcrumb\"},\"inLanguage\":\"fr-FR\",\"potentialAction\":[{\"@type\":\"ReadAction\",\"target\":[\"https:\/\/odedubois.fr\/index.php\/mentions-legales\/\"]}]},{\"@type\":\"BreadcrumbList\",\"@id\":\"https:\/\/odedubois.fr\/index.php\/mentions-legales\/#breadcrumb\",\"itemListElement\":[{\"@type\":\"ListItem\",\"position\":1,\"name\":\"Accueil\",\"item\":\"https:\/\/odedubois.fr\/\"},{\"@type\":\"ListItem\",\"position\":2,\"name\":\"Mentions l\u00e9gales\"}]},{\"@type\":\"WebSite\",\"@id\":\"https:\/\/odedubois.fr\/#website\",\"url\":\"https:\/\/odedubois.fr\/\",\"name\":\"Love Nature\",\"description\":\"Just another Astra Starter Templates site\",\"publisher\":{\"@id\":\"https:\/\/odedubois.fr\/#organization\"},\"potentialAction\":[{\"@type\":\"SearchAction\",\"target\":{\"@type\":\"EntryPoint\",\"urlTemplate\":\"https:\/\/odedubois.fr\/?s={search_term_string}\"},\"query-input\":\"required name=search_term_string\"}],\"inLanguage\":\"fr-FR\"},{\"@type\":\"Organization\",\"@id\":\"https:\/\/odedubois.fr\/#organization\",\"name\":\"Love Nature\",\"url\":\"https:\/\/odedubois.fr\/\",\"logo\":{\"@type\":\"ImageObject\",\"inLanguage\":\"fr-FR\",\"@id\":\"https:\/\/odedubois.fr\/#\/schema\/logo\/image\/\",\"url\":\"https:\/\/odedubois.fr\/wp-content\/uploads\/2023\/11\/cropped-cropped-LOde-du-bois_compact.png\",\"contentUrl\":\"https:\/\/odedubois.fr\/wp-content\/uploads\/2023\/11\/cropped-cropped-LOde-du-bois_compact.png\",\"width\":403,\"height\":181,\"caption\":\"Love Nature\"},\"image\":{\"@id\":\"https:\/\/odedubois.fr\/#\/schema\/logo\/image\/\"}}]}<\/script>\n<!-- \/ Yoast SEO plugin. -->","yoast_head_json":{"title":"Mentions l\u00e9gales - Love Nature","robots":{"index":"index","follow":"follow","max-snippet":"max-snippet:-1","max-image-preview":"max-image-preview:large","max-video-preview":"max-video-preview:-1"},"canonical":"https:\/\/odedubois.fr\/index.php\/mentions-legales\/","og_locale":"fr_FR","og_type":"article","og_title":"Mentions l\u00e9gales - Love Nature","og_description":"Mentions l\u00e9gales: Personne physique: Mr Brice Perr\u00e9ard 13, rue de Rumersheim 67370 Gimbrett, France perreard.brice@gmail.com 06.74.xx.xx.46 \u00a0 \u00a0 L&rsquo;Ode du Bois Micro-entreprise cr\u00e9e Oct 2015 N\u00b0 SIREN: 814358727 TVA Intracommunautaire: FR49814358727 Responsable de la publication: Mr Brice Perr\u00e9ard Propri\u00e9t\u00e9 intellectuelle: Les images, illustrations et photographies de ce site sont notre propri\u00e9t\u00e9s, ou ilbres de tout [&hellip;]","og_url":"https:\/\/odedubois.fr\/index.php\/mentions-legales\/","og_site_name":"Love Nature","article_modified_time":"2023-12-10T19:48:55+00:00","twitter_card":"summary_large_image","twitter_misc":{"Dur\u00e9e de lecture estim\u00e9e":"2 minutes"},"schema":{"@context":"https:\/\/schema.org","@graph":[{"@type":"WebPage","@id":"https:\/\/odedubois.fr\/index.php\/mentions-legales\/","url":"https:\/\/odedubois.fr\/index.php\/mentions-legales\/","name":"Mentions l\u00e9gales - Love Nature","isPartOf":{"@id":"https:\/\/odedubois.fr\/#website"},"datePublished":"2023-11-22T19:33:53+00:00","dateModified":"2023-12-10T19:48:55+00:00","breadcrumb":{"@id":"https:\/\/odedubois.fr\/index.php\/mentions-legales\/#breadcrumb"},"inLanguage":"fr-FR","potentialAction":[{"@type":"ReadAction","target":["https:\/\/odedubois.fr\/index.php\/mentions-legales\/"]}]},{"@type":"BreadcrumbList","@id":"https:\/\/odedubois.fr\/index.php\/mentions-legales\/#breadcrumb","itemListElement":[{"@type":"ListItem","position":1,"name":"Accueil","item":"https:\/\/odedubois.fr\/"},{"@type":"ListItem","position":2,"name":"Mentions l\u00e9gales"}]},{"@type":"WebSite","@id":"https:\/\/odedubois.fr\/#website","url":"https:\/\/odedubois.fr\/","name":"Love Nature","description":"Just another Astra Starter Templates site","publisher":{"@id":"https:\/\/odedubois.fr\/#organization"},"potentialAction":[{"@type":"SearchAction","target":{"@type":"EntryPoint","urlTemplate":"https:\/\/odedubois.fr\/?s={search_term_string}"},"query-input":"required name=search_term_string"}],"inLanguage":"fr-FR"},{"@type":"Organization","@id":"https:\/\/odedubois.fr\/#organization","name":"Love Nature","url":"https:\/\/odedubois.fr\/","logo":{"@type":"ImageObject","inLanguage":"fr-FR","@id":"https:\/\/odedubois.fr\/#\/schema\/logo\/image\/","url":"https:\/\/odedubois.fr\/wp-content\/uploads\/2023\/11\/cropped-cropped-LOde-du-bois_compact.png","contentUrl":"https:\/\/odedubois.fr\/wp-content\/uploads\/2023\/11\/cropped-cropped-LOde-du-bois_compact.png","width":403,"height":181,"caption":"Love Nature"},"image":{"@id":"https:\/\/odedubois.fr\/#\/schema\/logo\/image\/"}}]}},"_links":{"self":[{"href":"https:\/\/odedubois.fr\/index.php\/wp-json\/wp\/v2\/pages\/66","targetHints":{"allow":["GET"]}}],"collection":[{"href":"https:\/\/odedubois.fr\/index.php\/wp-json\/wp\/v2\/pages"}],"about":[{"href":"https:\/\/odedubois.fr\/index.php\/wp-json\/wp\/v2\/types\/page"}],"author":[{"embeddable":true,"href":"https:\/\/odedubois.fr\/index.php\/wp-json\/wp\/v2\/users\/1"}],"replies":[{"embeddable":true,"href":"https:\/\/odedubois.fr\/index.php\/wp-json\/wp\/v2\/comments?post=66"}],"version-history":[{"count":49,"href":"https:\/\/odedubois.fr\/index.php\/wp-json\/wp\/v2\/pages\/66\/revisions"}],"predecessor-version":[{"id":1937,"href":"https:\/\/odedubois.fr\/index.php\/wp-json\/wp\/v2\/pages\/66\/revisions\/1937"}],"wp:attachment":[{"href":"https:\/\/odedubois.fr\/index.php\/wp-json\/wp\/v2\/media?parent=66"}],"curies":[{"name":"wp","href":"https:\/\/api.w.org\/{rel}","templated":true}]}}