{"id":62,"date":"2023-11-22T20:33:28","date_gmt":"2023-11-22T19:33:28","guid":{"rendered":"https:\/\/odedubois.fr\/?page_id=62"},"modified":"2023-12-10T20:37:57","modified_gmt":"2023-12-10T19:37:57","slug":"le-showroom","status":"publish","type":"page","link":"https:\/\/odedubois.fr\/index.php\/le-showroom\/","title":{"rendered":"Le ShowRoom"},"content":{"rendered":"\t\t<div data-elementor-type=\"wp-page\" data-elementor-id=\"62\" class=\"elementor elementor-62\">\n\t\t\t\t\t\t\t<div class=\"elementor-element elementor-element-aidhyao e-con-full e-flex e-con e-parent\" data-id=\"aidhyao\" data-element_type=\"container\" data-settings=\"{&quot;background_background&quot;:&quot;classic&quot;,&quot;content_width&quot;:&quot;full&quot;}\" data-core-v316-plus=\"true\">\n\t\t\t\t<div class=\"elementor-element elementor-element-f927337 elementor-widget elementor-widget-heading\" data-id=\"f927337\" data-element_type=\"widget\" data-widget_type=\"heading.default\">\n\t\t\t\t<div class=\"elementor-widget-container\">\n\t\t\t<style>\/*! elementor - v3.17.0 - 08-11-2023 *\/\n.elementor-heading-title{padding:0;margin:0;line-height:1}.elementor-widget-heading .elementor-heading-title[class*=elementor-size-]>a{color:inherit;font-size:inherit;line-height:inherit}.elementor-widget-heading .elementor-heading-title.elementor-size-small{font-size:15px}.elementor-widget-heading .elementor-heading-title.elementor-size-medium{font-size:19px}.elementor-widget-heading .elementor-heading-title.elementor-size-large{font-size:29px}.elementor-widget-heading .elementor-heading-title.elementor-size-xl{font-size:39px}.elementor-widget-heading .elementor-heading-title.elementor-size-xxl{font-size:59px}<\/style><h1 class=\"elementor-heading-title elementor-size-default\">Le Showroom<\/h1>\t\t<\/div>\n\t\t\t\t<\/div>\n\t\t\t\t<\/div>\n\t\t<div class=\"elementor-element elementor-element-kzrevlb e-con-full e-flex e-con e-parent\" data-id=\"kzrevlb\" data-element_type=\"container\" data-settings=\"{&quot;background_background&quot;:&quot;classic&quot;,&quot;content_width&quot;:&quot;full&quot;}\" data-core-v316-plus=\"true\">\n\t\t<div class=\"elementor-element elementor-element-7f676a8 e-con-full e-flex e-con e-child\" data-id=\"7f676a8\" data-element_type=\"container\" data-settings=\"{&quot;content_width&quot;:&quot;full&quot;}\">\n\t\t<div class=\"elementor-element elementor-element-8dea070 e-con-full e-flex e-con e-child\" data-id=\"8dea070\" data-element_type=\"container\" data-settings=\"{&quot;content_width&quot;:&quot;full&quot;}\">\n\t\t\t\t<div class=\"elementor-element elementor-element-e84a49c elementor-widget elementor-widget-image\" data-id=\"e84a49c\" data-element_type=\"widget\" data-widget_type=\"image.default\">\n\t\t\t\t<div class=\"elementor-widget-container\">\n\t\t\t<style>\/*! elementor - v3.17.0 - 08-11-2023 *\/\n.elementor-widget-image{text-align:center}.elementor-widget-image a{display:inline-block}.elementor-widget-image a img[src$=\".svg\"]{width:48px}.elementor-widget-image img{vertical-align:middle;display:inline-block}<\/style>\t\t\t\t\t\t\t\t\t\t\t\t<img fetchpriority=\"high\" decoding=\"async\" width=\"1667\" height=\"1999\" src=\"https:\/\/odedubois.fr\/wp-content\/uploads\/2023\/11\/Showroom-2.jpg\" class=\"attachment-full size-full wp-image-1613\" alt=\"\" srcset=\"https:\/\/odedubois.fr\/wp-content\/uploads\/2023\/11\/Showroom-2.jpg 1667w, https:\/\/odedubois.fr\/wp-content\/uploads\/2023\/11\/Showroom-2-250x300.jpg 250w, https:\/\/odedubois.fr\/wp-content\/uploads\/2023\/11\/Showroom-2-854x1024.jpg 854w, https:\/\/odedubois.fr\/wp-content\/uploads\/2023\/11\/Showroom-2-768x921.jpg 768w, https:\/\/odedubois.fr\/wp-content\/uploads\/2023\/11\/Showroom-2-1281x1536.jpg 1281w\" sizes=\"(max-width: 1667px) 100vw, 1667px\" \/>\t\t\t\t\t\t\t\t\t\t\t\t\t\t\t<\/div>\n\t\t\t\t<\/div>\n\t\t\t\t<\/div>\n\t\t<div class=\"elementor-element elementor-element-b76b6ed e-con-full e-flex e-con e-child\" data-id=\"b76b6ed\" data-element_type=\"container\" data-settings=\"{&quot;content_width&quot;:&quot;full&quot;}\">\n\t\t\t\t<div class=\"elementor-element elementor-element-7488097 elementor-widget elementor-widget-heading\" data-id=\"7488097\" data-element_type=\"widget\" data-widget_type=\"heading.default\">\n\t\t\t\t<div class=\"elementor-widget-container\">\n\t\t\t<h1 class=\"elementor-heading-title elementor-size-default\">Venez toucher du Bois!<br>\n<\/h1>\t\t<\/div>\n\t\t\t\t<\/div>\n\t\t\t\t<div class=\"elementor-element elementor-element-5561a26 elementor-widget elementor-widget-text-editor\" data-id=\"5561a26\" data-element_type=\"widget\" data-widget_type=\"text-editor.default\">\n\t\t\t\t<div class=\"elementor-widget-container\">\n\t\t\t<style>\/*! elementor - v3.17.0 - 08-11-2023 *\/\n.elementor-widget-text-editor.elementor-drop-cap-view-stacked .elementor-drop-cap{background-color:#69727d;color:#fff}.elementor-widget-text-editor.elementor-drop-cap-view-framed .elementor-drop-cap{color:#69727d;border:3px solid;background-color:transparent}.elementor-widget-text-editor:not(.elementor-drop-cap-view-default) .elementor-drop-cap{margin-top:8px}.elementor-widget-text-editor:not(.elementor-drop-cap-view-default) .elementor-drop-cap-letter{width:1em;height:1em}.elementor-widget-text-editor .elementor-drop-cap{float:left;text-align:center;line-height:1;font-size:50px}.elementor-widget-text-editor .elementor-drop-cap-letter{display:inline-block}<\/style>\t\t\t\t<p>Deux pi\u00e8ces ou objets en bois de forme identique donneront \u00e0 chacune et chacun une impression diff\u00e9rente: Veinage &amp; fil du bois, noeuds et autres irr\u00e9gularit\u00e9s sont les petites distinctions qui feront que <b>chacun aura sa propre pr\u00e9f\u00e9rence<\/b>.<\/p>\t\t\t\t\t\t<\/div>\n\t\t\t\t<\/div>\n\t\t\t\t<div class=\"elementor-element elementor-element-b8da64c elementor-widget elementor-widget-text-editor\" data-id=\"b8da64c\" data-element_type=\"widget\" data-widget_type=\"text-editor.default\">\n\t\t\t\t<div class=\"elementor-widget-container\">\n\t\t\t\t\t\t\t<p>Quoi de plus agr\u00e9able que de prendre en main, pouvoir manipuler un joli saladier avant de le choisir. <b>Le bois est un mat\u00e9riau vivant, noble<\/b>, qui nous offre de multiples d\u00e9tails selon l&rsquo;angle de vue. Cela ne se per\u00e7oit pas sur une simple photo, si belle soit-elle.<\/p>\t\t\t\t\t\t<\/div>\n\t\t\t\t<\/div>\n\t\t\t\t<div class=\"elementor-element elementor-element-5de9e75 elementor-widget elementor-widget-text-editor\" data-id=\"5de9e75\" data-element_type=\"widget\" data-widget_type=\"text-editor.default\">\n\t\t\t\t<div class=\"elementor-widget-container\">\n\t\t\t\t\t\t\t<p>Le showroom est aussi l&rsquo;occasion d&rsquo;essayer vos Stylos &amp; Rollers:<span style=\"font-size: 14px; text-align: var(--text-align);\">\u00a0les manipuler, appr\u00e9cier la texture des diff\u00e9rentes finitions, la r\u00e9partition de poids de chacuns d&rsquo;entre eux.<\/span><\/p>\t\t\t\t\t\t<\/div>\n\t\t\t\t<\/div>\n\t\t\t\t<div class=\"elementor-element elementor-element-cdb75c4 elementor-widget elementor-widget-text-editor\" data-id=\"cdb75c4\" data-element_type=\"widget\" data-widget_type=\"text-editor.default\">\n\t\t\t\t<div class=\"elementor-widget-container\">\n\t\t\t\t\t\t\t<p>Enfin, c&rsquo;est aussi l&rsquo;occasion de prendre le temps de discuter ensemble autour d&rsquo;un bon caf\u00e9.<\/p>\t\t\t\t\t\t<\/div>\n\t\t\t\t<\/div>\n\t\t\t\t<\/div>\n\t\t\t\t<\/div>\n\t\t\t\t<\/div>\n\t\t<div class=\"elementor-element elementor-element-1y7f6pq e-con-full e-flex e-con e-parent\" data-id=\"1y7f6pq\" data-element_type=\"container\" data-settings=\"{&quot;background_background&quot;:&quot;classic&quot;,&quot;content_width&quot;:&quot;full&quot;}\" data-core-v316-plus=\"true\">\n\t\t<div class=\"elementor-element elementor-element-287cae9 e-con-full e-flex e-con e-child\" data-id=\"287cae9\" data-element_type=\"container\" data-settings=\"{&quot;content_width&quot;:&quot;full&quot;}\">\n\t\t<div class=\"elementor-element elementor-element-a86baab e-con-full e-flex e-con e-child\" data-id=\"a86baab\" data-element_type=\"container\" data-settings=\"{&quot;content_width&quot;:&quot;full&quot;}\">\n\t\t\t\t<div class=\"elementor-element elementor-element-8193b80 elementor-widget elementor-widget-heading\" data-id=\"8193b80\" data-element_type=\"widget\" data-widget_type=\"heading.default\">\n\t\t\t\t<div class=\"elementor-widget-container\">\n\t\t\t<h3 class=\"elementor-heading-title elementor-size-default\">Les pi\u00e8ces et objets expos\u00e9s:<\/h3>\t\t<\/div>\n\t\t\t\t<\/div>\n\t\t\t\t<div class=\"elementor-element elementor-element-f69470b elementor-widget elementor-widget-text-editor\" data-id=\"f69470b\" data-element_type=\"widget\" data-widget_type=\"text-editor.default\">\n\t\t\t\t<div class=\"elementor-widget-container\">\n\t\t\t\t\t\t\t<p>A Bille, Rollers ou Plume, et m\u00eame Porte-Mine: C\u00f4t\u00e9 stylos il y a <b>toujours du stock et du choix<\/b>. Vous avez aussi la possibilit\u00e9 de personnaliser \u00e0 votre convenance: m\u00e9canismes, essences et finitions. Ils sont tous tourn\u00e9s \u00e0 la main et \u00e0 l&rsquo;unit\u00e9, donc <strong>aucun<\/strong> <b>surco\u00fbt pour cette prestation<\/b>!<\/p>\t\t\t\t\t\t<\/div>\n\t\t\t\t<\/div>\n\t\t\t\t<div class=\"elementor-element elementor-element-e777b32 elementor-widget elementor-widget-text-editor\" data-id=\"e777b32\" data-element_type=\"widget\" data-widget_type=\"text-editor.default\">\n\t\t\t\t<div class=\"elementor-widget-container\">\n\t\t\t\t\t\t\t<p>Coupes, bols et saladiers de diff\u00e9rentes tailles, formes et essences.<\/p>\t\t\t\t\t\t<\/div>\n\t\t\t\t<\/div>\n\t\t\t\t<div class=\"elementor-element elementor-element-e05137e elementor-widget elementor-widget-text-editor\" data-id=\"e05137e\" data-element_type=\"widget\" data-widget_type=\"text-editor.default\">\n\t\t\t\t<div class=\"elementor-widget-container\">\n\t\t\t\t\t\t\t<p>Bougeoirs, pr\u00e9sentoirs \u00e0 bijoux, petites &amp; grandes boites et autres contenants.<\/p>\t\t\t\t\t\t<\/div>\n\t\t\t\t<\/div>\n\t\t\t\t<div class=\"elementor-element elementor-element-277c6aa elementor-widget elementor-widget-text-editor\" data-id=\"277c6aa\" data-element_type=\"widget\" data-widget_type=\"text-editor.default\">\n\t\t\t\t<div class=\"elementor-widget-container\">\n\t\t\t\t\t\t\t<p>Pour finir, des r\u00e9alisations diverses et vari\u00e9es: Toupies, souris, caisses \u00e0 outils, maillets bois etc.<\/p><p><b>Vos id\u00e9e de cr\u00e9ations<\/b> personnelles sont aussi envisageables, parlons-en ensemble.<\/p>\t\t\t\t\t\t<\/div>\n\t\t\t\t<\/div>\n\t\t\t\t<\/div>\n\t\t\t\t<div class=\"elementor-element elementor-element-09d425b elementor-widget elementor-widget-image\" data-id=\"09d425b\" data-element_type=\"widget\" data-widget_type=\"image.default\">\n\t\t\t\t<div class=\"elementor-widget-container\">\n\t\t\t\t\t\t\t\t\t\t\t\t\t\t\t<img decoding=\"async\" width=\"2500\" height=\"1829\" src=\"https:\/\/odedubois.fr\/wp-content\/uploads\/2023\/11\/Showroom-1-rotated.jpg\" class=\"attachment-full size-full wp-image-1612\" alt=\"\" srcset=\"https:\/\/odedubois.fr\/wp-content\/uploads\/2023\/11\/Showroom-1-rotated.jpg 2500w, https:\/\/odedubois.fr\/wp-content\/uploads\/2023\/11\/Showroom-1-300x219.jpg 300w, https:\/\/odedubois.fr\/wp-content\/uploads\/2023\/11\/Showroom-1-1024x749.jpg 1024w, https:\/\/odedubois.fr\/wp-content\/uploads\/2023\/11\/Showroom-1-768x562.jpg 768w, https:\/\/odedubois.fr\/wp-content\/uploads\/2023\/11\/Showroom-1-1536x1124.jpg 1536w, https:\/\/odedubois.fr\/wp-content\/uploads\/2023\/11\/Showroom-1-2048x1498.jpg 2048w\" sizes=\"(max-width: 2500px) 100vw, 2500px\" \/>\t\t\t\t\t\t\t\t\t\t\t\t\t\t\t<\/div>\n\t\t\t\t<\/div>\n\t\t\t\t<\/div>\n\t\t\t\t<\/div>\n\t\t<div class=\"elementor-element elementor-element-csajrwu e-con-full e-flex e-con e-parent\" data-id=\"csajrwu\" data-element_type=\"container\" data-settings=\"{&quot;background_background&quot;:&quot;classic&quot;,&quot;content_width&quot;:&quot;full&quot;}\" data-core-v316-plus=\"true\">\n\t\t<div class=\"elementor-element elementor-element-771577b e-con-full e-flex e-con e-child\" data-id=\"771577b\" data-element_type=\"container\" data-settings=\"{&quot;content_width&quot;:&quot;full&quot;}\">\n\t\t<div class=\"elementor-element elementor-element-9533482 e-con-full e-flex e-con e-child\" data-id=\"9533482\" data-element_type=\"container\" data-settings=\"{&quot;content_width&quot;:&quot;full&quot;}\">\n\t\t\t\t<div class=\"elementor-element elementor-element-8761e8c elementor-widget elementor-widget-image\" data-id=\"8761e8c\" data-element_type=\"widget\" data-widget_type=\"image.default\">\n\t\t\t\t<div class=\"elementor-widget-container\">\n\t\t\t\t\t\t\t\t\t\t\t\t\t\t\t<img decoding=\"async\" width=\"2024\" height=\"2365\" src=\"https:\/\/odedubois.fr\/wp-content\/uploads\/2023\/11\/Showroom-3-rotated.jpg\" class=\"attachment-full size-full wp-image-1611\" alt=\"\" srcset=\"https:\/\/odedubois.fr\/wp-content\/uploads\/2023\/11\/Showroom-3-rotated.jpg 2024w, https:\/\/odedubois.fr\/wp-content\/uploads\/2023\/11\/Showroom-3-257x300.jpg 257w, https:\/\/odedubois.fr\/wp-content\/uploads\/2023\/11\/Showroom-3-876x1024.jpg 876w, https:\/\/odedubois.fr\/wp-content\/uploads\/2023\/11\/Showroom-3-768x897.jpg 768w, https:\/\/odedubois.fr\/wp-content\/uploads\/2023\/11\/Showroom-3-1315x1536.jpg 1315w, https:\/\/odedubois.fr\/wp-content\/uploads\/2023\/11\/Showroom-3-1753x2048.jpg 1753w\" sizes=\"(max-width: 2024px) 100vw, 2024px\" \/>\t\t\t\t\t\t\t\t\t\t\t\t\t\t\t<\/div>\n\t\t\t\t<\/div>\n\t\t\t\t<\/div>\n\t\t<div class=\"elementor-element elementor-element-cffba5b e-con-full e-flex e-con e-child\" data-id=\"cffba5b\" data-element_type=\"container\" data-settings=\"{&quot;content_width&quot;:&quot;full&quot;}\">\n\t\t\t\t<div class=\"elementor-element elementor-element-62ae438 elementor-widget elementor-widget-heading\" data-id=\"62ae438\" data-element_type=\"widget\" data-widget_type=\"heading.default\">\n\t\t\t\t<div class=\"elementor-widget-container\">\n\t\t\t<h3 class=\"elementor-heading-title elementor-size-default\">Imaginons ensemble la cr\u00e9ation bois qui vous fait envie.<\/h3>\t\t<\/div>\n\t\t\t\t<\/div>\n\t\t\t\t<div class=\"elementor-element elementor-element-4e9136e elementor-mobile-align-justify elementor-widget-mobile__width-inherit elementor-widget elementor-widget-button\" data-id=\"4e9136e\" data-element_type=\"widget\" data-widget_type=\"button.default\">\n\t\t\t\t<div class=\"elementor-widget-container\">\n\t\t\t\t\t<div class=\"elementor-button-wrapper\">\n\t\t\t<a class=\"elementor-button elementor-button-link elementor-size-sm\" href=\"index.php\/contacts-2\/\">\n\t\t\t\t\t\t<span class=\"elementor-button-content-wrapper\">\n\t\t\t\t\t\t<span class=\"elementor-button-text\">Prendre Contact<\/span>\n\t\t<\/span>\n\t\t\t\t\t<\/a>\n\t\t<\/div>\n\t\t\t\t<\/div>\n\t\t\t\t<\/div>\n\t\t\t\t<\/div>\n\t\t\t\t<\/div>\n\t\t\t\t<\/div>\n\t\t\t\t\t\t\t<\/div>\n\t\t","protected":false},"excerpt":{"rendered":"<p>Le Showroom Venez toucher du Bois! Deux pi\u00e8ces ou objets en bois de forme identique donneront \u00e0 chacune et chacun une impression diff\u00e9rente: Veinage &amp; fil du bois, noeuds et autres irr\u00e9gularit\u00e9s sont les petites distinctions qui feront que chacun aura sa propre pr\u00e9f\u00e9rence. Quoi de plus agr\u00e9able que de prendre en main, pouvoir manipuler [&hellip;]<\/p>\n","protected":false},"author":1,"featured_media":0,"parent":0,"menu_order":0,"comment_status":"closed","ping_status":"closed","template":"","meta":{"footnotes":""},"class_list":["post-62","page","type-page","status-publish","hentry","entry"],"yoast_head":"<!-- This site is optimized with the Yoast SEO plugin v21.6 - https:\/\/yoast.com\/wordpress\/plugins\/seo\/ -->\n<title>Le ShowRoom - Love Nature<\/title>\n<meta name=\"robots\" content=\"index, follow, max-snippet:-1, max-image-preview:large, max-video-preview:-1\" \/>\n<link rel=\"canonical\" href=\"https:\/\/odedubois.fr\/index.php\/le-showroom\/\" \/>\n<meta property=\"og:locale\" content=\"fr_FR\" \/>\n<meta property=\"og:type\" content=\"article\" \/>\n<meta property=\"og:title\" content=\"Le ShowRoom - Love Nature\" \/>\n<meta property=\"og:description\" content=\"Le Showroom Venez toucher du Bois! Deux pi\u00e8ces ou objets en bois de forme identique donneront \u00e0 chacune et chacun une impression diff\u00e9rente: Veinage &amp; fil du bois, noeuds et autres irr\u00e9gularit\u00e9s sont les petites distinctions qui feront que chacun aura sa propre pr\u00e9f\u00e9rence. Quoi de plus agr\u00e9able que de prendre en main, pouvoir manipuler [&hellip;]\" \/>\n<meta property=\"og:url\" content=\"https:\/\/odedubois.fr\/index.php\/le-showroom\/\" \/>\n<meta property=\"og:site_name\" content=\"Love Nature\" \/>\n<meta property=\"article:modified_time\" content=\"2023-12-10T19:37:57+00:00\" \/>\n<meta property=\"og:image\" content=\"http:\/\/odedubois.fr\/wp-content\/uploads\/2023\/11\/Showroom-2.jpg\" \/>\n<meta name=\"twitter:card\" content=\"summary_large_image\" \/>\n<meta name=\"twitter:label1\" content=\"Dur\u00e9e de lecture estim\u00e9e\" \/>\n\t<meta name=\"twitter:data1\" content=\"2 minutes\" \/>\n<script type=\"application\/ld+json\" class=\"yoast-schema-graph\">{\"@context\":\"https:\/\/schema.org\",\"@graph\":[{\"@type\":\"WebPage\",\"@id\":\"https:\/\/odedubois.fr\/index.php\/le-showroom\/\",\"url\":\"https:\/\/odedubois.fr\/index.php\/le-showroom\/\",\"name\":\"Le ShowRoom - Love Nature\",\"isPartOf\":{\"@id\":\"https:\/\/odedubois.fr\/#website\"},\"datePublished\":\"2023-11-22T19:33:28+00:00\",\"dateModified\":\"2023-12-10T19:37:57+00:00\",\"breadcrumb\":{\"@id\":\"https:\/\/odedubois.fr\/index.php\/le-showroom\/#breadcrumb\"},\"inLanguage\":\"fr-FR\",\"potentialAction\":[{\"@type\":\"ReadAction\",\"target\":[\"https:\/\/odedubois.fr\/index.php\/le-showroom\/\"]}]},{\"@type\":\"BreadcrumbList\",\"@id\":\"https:\/\/odedubois.fr\/index.php\/le-showroom\/#breadcrumb\",\"itemListElement\":[{\"@type\":\"ListItem\",\"position\":1,\"name\":\"Accueil\",\"item\":\"https:\/\/odedubois.fr\/\"},{\"@type\":\"ListItem\",\"position\":2,\"name\":\"Le ShowRoom\"}]},{\"@type\":\"WebSite\",\"@id\":\"https:\/\/odedubois.fr\/#website\",\"url\":\"https:\/\/odedubois.fr\/\",\"name\":\"Love Nature\",\"description\":\"Just another Astra Starter Templates site\",\"publisher\":{\"@id\":\"https:\/\/odedubois.fr\/#organization\"},\"potentialAction\":[{\"@type\":\"SearchAction\",\"target\":{\"@type\":\"EntryPoint\",\"urlTemplate\":\"https:\/\/odedubois.fr\/?s={search_term_string}\"},\"query-input\":\"required name=search_term_string\"}],\"inLanguage\":\"fr-FR\"},{\"@type\":\"Organization\",\"@id\":\"https:\/\/odedubois.fr\/#organization\",\"name\":\"Love Nature\",\"url\":\"https:\/\/odedubois.fr\/\",\"logo\":{\"@type\":\"ImageObject\",\"inLanguage\":\"fr-FR\",\"@id\":\"https:\/\/odedubois.fr\/#\/schema\/logo\/image\/\",\"url\":\"https:\/\/odedubois.fr\/wp-content\/uploads\/2023\/11\/cropped-cropped-LOde-du-bois_compact.png\",\"contentUrl\":\"https:\/\/odedubois.fr\/wp-content\/uploads\/2023\/11\/cropped-cropped-LOde-du-bois_compact.png\",\"width\":403,\"height\":181,\"caption\":\"Love Nature\"},\"image\":{\"@id\":\"https:\/\/odedubois.fr\/#\/schema\/logo\/image\/\"}}]}<\/script>\n<!-- \/ Yoast SEO plugin. -->","yoast_head_json":{"title":"Le ShowRoom - Love Nature","robots":{"index":"index","follow":"follow","max-snippet":"max-snippet:-1","max-image-preview":"max-image-preview:large","max-video-preview":"max-video-preview:-1"},"canonical":"https:\/\/odedubois.fr\/index.php\/le-showroom\/","og_locale":"fr_FR","og_type":"article","og_title":"Le ShowRoom - Love Nature","og_description":"Le Showroom Venez toucher du Bois! Deux pi\u00e8ces ou objets en bois de forme identique donneront \u00e0 chacune et chacun une impression diff\u00e9rente: Veinage &amp; fil du bois, noeuds et autres irr\u00e9gularit\u00e9s sont les petites distinctions qui feront que chacun aura sa propre pr\u00e9f\u00e9rence. Quoi de plus agr\u00e9able que de prendre en main, pouvoir manipuler [&hellip;]","og_url":"https:\/\/odedubois.fr\/index.php\/le-showroom\/","og_site_name":"Love Nature","article_modified_time":"2023-12-10T19:37:57+00:00","og_image":[{"url":"http:\/\/odedubois.fr\/wp-content\/uploads\/2023\/11\/Showroom-2.jpg"}],"twitter_card":"summary_large_image","twitter_misc":{"Dur\u00e9e de lecture estim\u00e9e":"2 minutes"},"schema":{"@context":"https:\/\/schema.org","@graph":[{"@type":"WebPage","@id":"https:\/\/odedubois.fr\/index.php\/le-showroom\/","url":"https:\/\/odedubois.fr\/index.php\/le-showroom\/","name":"Le ShowRoom - Love Nature","isPartOf":{"@id":"https:\/\/odedubois.fr\/#website"},"datePublished":"2023-11-22T19:33:28+00:00","dateModified":"2023-12-10T19:37:57+00:00","breadcrumb":{"@id":"https:\/\/odedubois.fr\/index.php\/le-showroom\/#breadcrumb"},"inLanguage":"fr-FR","potentialAction":[{"@type":"ReadAction","target":["https:\/\/odedubois.fr\/index.php\/le-showroom\/"]}]},{"@type":"BreadcrumbList","@id":"https:\/\/odedubois.fr\/index.php\/le-showroom\/#breadcrumb","itemListElement":[{"@type":"ListItem","position":1,"name":"Accueil","item":"https:\/\/odedubois.fr\/"},{"@type":"ListItem","position":2,"name":"Le ShowRoom"}]},{"@type":"WebSite","@id":"https:\/\/odedubois.fr\/#website","url":"https:\/\/odedubois.fr\/","name":"Love Nature","description":"Just another Astra Starter Templates site","publisher":{"@id":"https:\/\/odedubois.fr\/#organization"},"potentialAction":[{"@type":"SearchAction","target":{"@type":"EntryPoint","urlTemplate":"https:\/\/odedubois.fr\/?s={search_term_string}"},"query-input":"required name=search_term_string"}],"inLanguage":"fr-FR"},{"@type":"Organization","@id":"https:\/\/odedubois.fr\/#organization","name":"Love Nature","url":"https:\/\/odedubois.fr\/","logo":{"@type":"ImageObject","inLanguage":"fr-FR","@id":"https:\/\/odedubois.fr\/#\/schema\/logo\/image\/","url":"https:\/\/odedubois.fr\/wp-content\/uploads\/2023\/11\/cropped-cropped-LOde-du-bois_compact.png","contentUrl":"https:\/\/odedubois.fr\/wp-content\/uploads\/2023\/11\/cropped-cropped-LOde-du-bois_compact.png","width":403,"height":181,"caption":"Love Nature"},"image":{"@id":"https:\/\/odedubois.fr\/#\/schema\/logo\/image\/"}}]}},"_links":{"self":[{"href":"https:\/\/odedubois.fr\/index.php\/wp-json\/wp\/v2\/pages\/62","targetHints":{"allow":["GET"]}}],"collection":[{"href":"https:\/\/odedubois.fr\/index.php\/wp-json\/wp\/v2\/pages"}],"about":[{"href":"https:\/\/odedubois.fr\/index.php\/wp-json\/wp\/v2\/types\/page"}],"author":[{"embeddable":true,"href":"https:\/\/odedubois.fr\/index.php\/wp-json\/wp\/v2\/users\/1"}],"replies":[{"embeddable":true,"href":"https:\/\/odedubois.fr\/index.php\/wp-json\/wp\/v2\/comments?post=62"}],"version-history":[{"count":67,"href":"https:\/\/odedubois.fr\/index.php\/wp-json\/wp\/v2\/pages\/62\/revisions"}],"predecessor-version":[{"id":1916,"href":"https:\/\/odedubois.fr\/index.php\/wp-json\/wp\/v2\/pages\/62\/revisions\/1916"}],"wp:attachment":[{"href":"https:\/\/odedubois.fr\/index.php\/wp-json\/wp\/v2\/media?parent=62"}],"curies":[{"name":"wp","href":"https:\/\/api.w.org\/{rel}","templated":true}]}}